{"id":765,"date":"2012-03-05T10:00:00","date_gmt":"2012-03-05T10:00:00","guid":{"rendered":"https:\/\/kdm.akbild.ac.at\/?page_id=765"},"modified":"2024-04-09T12:55:55","modified_gmt":"2024-04-09T12:55:55","slug":"ss-12-exhaustion-erschopfung","status":"publish","type":"page","link":"https:\/\/kdm.akbild.ac.at\/?page_id=765","title":{"rendered":"SS 12    EXHAUSTION \/ ERSCH\u00d6PFUNG"},"content":{"rendered":"\n<div style=\"height:4px\" aria-hidden=\"true\" class=\"wp-block-spacer\"><\/div>\n\n\n\n<p><em>&#8220;Die Ersch\u00f6pfungsm\u00fcdigkeit ist eine M\u00fcdigkeit der positiven Potenz. Sie macht unf\u00e4hig, etwas zu tun. Die M\u00fcdigkeit, die inspiriert, ist eine M\u00fcdigkeit der negativen Potenz, n\u00e4mlich des nicht-zu. Heilig ist nicht der Tag des um-zu, sondern der Tag des nicht-zu, ein Tag, an dem der Gebrauch des Unbrauchbaren m\u00f6glich w\u00e4re. Es ist der Tag der M\u00fcdigkeit.&#8221;<\/em><\/p>\n\n\n\n<p><em>(Byu Han, M\u00fcdigkeitsgesellschaft)<\/em><\/p>\n\n\n\n<p><em>&#8220;Indeed, just as the corporation replaces the factory, perpetual training tends to replace the school, and continuous control to replace the examination. Which is the surest way of delivering the school over to the corporation. In the disciplinary societies, one was always starting again (from school to the barracks, from the barracks to the factory, while in the societies of control, one is never finished with anything-the corporation, the educational system, the armed services being metastable states coexisting in one and the same modulation, like a universal system of deformation.&#8221;<\/em><\/p>\n\n\n\n<p><em>(Gilles Deleuze, Postscript on the Societies of Control)<\/em><\/p>\n\n\n\n<div style=\"height:55px\" aria-hidden=\"true\" class=\"wp-block-spacer\"><\/div>\n\n\n\n<p><strong>SYNOPSIS<\/strong><\/p>\n\n\n\n<p>In cooperation with the Master Program Master in Critical Studies (led by Diedrich Diederichsen), our main focus this term will be on investigation and discussion of the subject of exhaustion. On the one hand, we will look at a subject which is not any longer part of a disciplinary society within which the fundamental question would be: &#8220;Am I allowed to do this?&#8221;, but which is subject to a society based on the notion of complete autonomy, at its core the question: &#8220;Can I do (this or that)?&#8221; (Alain Ehrenberg).<\/p>\n\n\n\n<p>By investigating the historical genealogy of this critical diagnosis of our contemporary world, and the problems and concepts which in link, arise specifically in regard of artistic production, we will attempt to look at forms of representation of the subject of exhaustion, of &#8220;being-one-self&#8221;, in (experimental) films.<\/p>\n\n\n\n<p>An emphasis of the program will be (among others), on the teleplays of Samuel Beckett, on some documentary television productions of Adam Curtis, and on films by Harun Farocki. Accompanying texts and essays by&nbsp; Byu Han, Alain Ehrenberg, Gilles Deleuze, Christoph Menke, Juliane Rebentisch and others will be read and discussed as well. Finally, berlin-based artist and film curator Florian W\u00fcst will hold a seminar, that aims at a cultural-historical interpretation of the subject, while short-circuiting it as well with aspects of societal modernization and economization in the 20th \/ 21st centuries: touching upon subjects such as the replacement of human labor force in the factory, on the claim that machines are never exhausted, or the notion of burn out syndrom of a life under post-fordist conditions; all narrated along the lines of films and film clips from the realms of industrial, documentary as well as experimental films.<\/p>\n\n\n\n<p>Most of the texts will be provided in English language as well.<\/p>\n\n\n\n<p><strong>German:<\/strong><\/p>\n\n\n\n<p>&#8220;Die Ersch\u00f6pfungsm\u00fcdigkeit ist eine M\u00fcdigkeit der positiven Potenz. Sie macht unf\u00e4hig, etwas zu tun. Die M\u00fcdigkeit, die inspiriert, ist eine M\u00fcdigkeit der negativen Potenz, n\u00e4mlich des nicht-zu. Heilig ist nicht der Tag des um-zu, sondern der Tag des nicht-zu, ein Tag, an dem der Gebrauch des Unbrauchbaren m\u00f6glich w\u00e4re. Es ist der Tag der M\u00fcdigkeit.&#8221;<\/p>\n\n\n\n<p>(Byu Han, M\u00fcdigkeitsgesellschaft)<\/p>\n\n\n\n<p>&#8220;(Denn) wie das Unternehmen die Fabrik abl\u00f6st, l\u00f6st die permanente Weiterbildung tendenziell die Schule ab, und die kontinuierliche Kontrolle das Examen. Das ist der sicherste Weg, die Schule dem Unternehmen auszuliefern. In den Disziplinargesellschaften h\u00f6rte man nie auf, anzufangen (von der Schule in die Kaserne, von der Kaserne in die Fabrik), w\u00e4hrend man in den Kontrollgesellschaften nie mit irgendetwas fertig wird: Unternehmen, Weiterbildung, Dienstleistung sind metastabile und koexistierende Zust\u00e4nde ein und derselben Modulation, die einem universellen Verzerrer gleicht.&#8221;<\/p>\n\n\n\n<p>(Gilles Deleuze, Postskriptum \u00fcber die Kontrollgesellschaften)<\/p>\n\n\n\n<p>SYNOPSIS<\/p>\n\n\n\n<p>In Kooperation mit dem von Diedrich Diederichsen geleiteten Masterprogramm Master in Critical Studies liegt der Schwerpunkt unserer Untersuchungen und Diskussionen in diesem Sommersemester&nbsp; 2012 auf dem Thema der Ersch\u00f6pfung. Einerseits wird der Blick auf ein Subjekt gerichtet, das nicht mehr Teil einer disziplinarisch organisierten Gesellschaft ist, in der die zentrale Frage &#8220;Darf ich das?&#8221; lautet, sondern nun in einer von der Vorstellung von Autonomie komplett beherrschten sozialen Lebensform vor allem der fundamentalen Fragestellung: &#8220;Kann ich das?&#8221; ausgeliefert ist (Alain Ehrenberg).<\/p>\n\n\n\n<p>Dieser kritische Befund \u00fcber die Gegenwart und die Problematiken, die sich in diesem Zusammenhang nicht zuletzt in Hinblick auf Formen k\u00fcnstlerischer Produktion ergeben, werden in einem Versuch historischer Herleitung auf eine Untersuchung des Themas der Ersch\u00f6pfung und des Ich-Seins \/ des Selbst-Seins im (experimentellen) Film zugespitzt.<\/p>\n\n\n\n<p>Aus diesen Gr\u00fcnden werden Schwerpunkte des Programms u. a. auf den teleplays von Samuel Beckett, auf den dokumentarischen Essays von Adam Curtis und auf Filmen von Harun Farocki liegen. Begleitende Texte von Byu Han, Alain Ehrenberg, Gilles Deleuze, Christoph Menke, Juliane Rebentisch und anderen werden ebenfalls zur Diskussion stehen. Zum Abschluss der Veranstaltung wird der Berliner K\u00fcnstler und Filmkurator Florian W\u00fcst am 6. Juni im Rahmen eines ganzt\u00e4gigen Seminars das Thema kulturhistorisch interpretieren und mit Aspekten gesellschaftlicher Modernisierung und \u00d6konomisierung im 20.\/21. Jahrhundert kurzschlie\u00dfen: der Bogen reicht von Themen wie der Ersetzung der menschlichen Arbeitskraft in der Fabrik \u00fcber die Behauptung, dass Maschinen keine Ersch\u00f6pfung kennen, bis zum Burn Out Syndrom des post-fordistischen Lebens, nachgezeichnet an Filmen und Filmausschnitten aus den Bereichen Industrie-, Dokumentar- und Experimentalfilmen, aber auch k\u00fcnstlerischen Arbeiten wie zB Richards Serras Hand-Filmen aus den Jahren 1968 &#8211; 1971.<\/p>\n\n\n\n<p>Soweit m\u00f6glich, werden die vorgeschlagenen Texte auch in englischer Sprache vorliegen.<\/p>\n\n\n\n<div style=\"height:4px\" aria-hidden=\"true\" class=\"wp-block-spacer\"><\/div>\n\n\n\n<p><strong>LITERATURE:<\/strong><\/p>\n\n\n\n<p>&nbsp;Byu Han, M\u00fcdigkeitsgesellschaft, 2010 Matthes &amp; Seitz Berlin<\/p>\n\n\n\n<p>Alain Ehrenberg,&nbsp; Das ersch\u00f6pfte Selbst, Suhrkamp 2008<\/p>\n\n\n\n<p>Christoph Menke, Juliane Rebentisch (Hsg.),&nbsp; Kreation und Depression. Freiheit im gegenw\u00e4rtigen Kapitalismus, Kulturverlag Kadmos Berlin 2010 (daraus: Gilles Deleuze, &#8220;Postskriptum \u00fcber die Kontrollgesellschaften&#8221; &#8211; Alain Ehrenberg, &#8220;Unbehagen in der Kultur oder neue Formen der Sozialit\u00e4t&#8221; &#8211; Diedrich Diederichsen, &#8220;Kreative Arbeit und Selbstverwirklichung&#8221; &#8211; Robert Pfaller, &#8220;Wof\u00fcr es sich zu leben lohnt. Und was uns das vergessen l\u00e4sst: \u00dcber-Ich, Narzissmus, Beuteverzicht &#8211; Ren\u00e9 Pollesch, &#8220;Lob des alten litauischen Regieassistenten im grauen Kittel&#8221;. )<\/p>\n\n\n\n<p>Gaby Hartel, Michael Glasmeier (Hsg.), The Eye of Prey. Becketts Film-, Fernseh- und Videoarbeiten, Edition Suhrkamp Verlag 2011<\/p>\n\n\n\n<p>Samuel Beckett, Quadrat, Geister-Trio, &#8230; nur noch Gew\u00f6lk &#8230;, Nacht und Tr\u00e4ume: St\u00fccke f\u00fcr das Fernsehen. Mit einem Essay von Gilles Deleuze. Suhrkamp Verlag<\/p>\n\n\n\n<p>Gilles Deleuze, Bartleby oder die Formel, Merve Verlag<\/p>\n\n\n\n<p>Aljoscha Weskott, Nicolas Siepen, Susanne Leeb, Clemens Kr\u00fcmmel, Helmut Draxler (Hsg.), Felix Guattari. Die Couch des Armen. Die Kinotexte in der Diskussion. b_books PoLYpeN 2011<\/p>\n\n\n\n<div style=\"height:3px\" aria-hidden=\"true\" class=\"wp-block-spacer\"><\/div>\n\n\n\n<p><strong>FILMS:\u2028<\/strong><\/p>\n\n\n\n<p>Nur noch Gew\u00f6lk&#8230;, Samuel Beckett, D 1977, 16 min.<\/p>\n\n\n\n<p>He, Joe, Samuel Beckett, D 1966, 29 min.<\/p>\n\n\n\n<p>Geistertrio, Samuel Beckett, D 1976, 31 min.<\/p>\n\n\n\n<p>Quadrat 1+2, Samuel Beckett, D 1982, 12 min.<\/p>\n\n\n\n<p>Nacht und Tr\u00e4ume, Samuel Beckett, D 1983 11 min.<\/p>\n\n\n\n<p>Century of the Self, Adam Curtis, GB 2002<\/p>\n\n\n\n<p>The Trap, Adam Curtis, GB 2007<\/p>\n\n\n\n<p>All Divided Selves, Luke Fowler, GB 2011<\/p>\n\n\n\n<p>Die Bewerbung, Harun Farocki, D 1996<\/p>\n\n\n\n<p>Die Umschulung, Harun Farocki, D 1994<\/p>\n\n\n\n<p>Chircales, Martha Rodriguez &amp; Jorge Silva, Kolumbien 1972<\/p>\n\n\n\n<p>Europa 51, Roberto Rossellini, I 1952<\/p>\n\n\n\n<p>They shoot horses, don&#8217;t they? Sidney Pollack, USA 1969<\/p>\n\n\n\n<p>Punishment Park, Peter Watkins USA 1971<\/p>\n\n\n\n<p>A Woman Under the Influence, John Cassavetes USA 1974<\/p>\n\n\n\n<p>La Paresse, Chantal Akerman, F 1986<\/p>\n\n\n\n<p>Hand Catching Lead, Richard Serra, USA 1968, 3 min.<\/p>\n\n\n\n<p>Hands Scarping, Richard Serra, USA 1968, 4 min.<\/p>\n\n\n\n<p>Hands Tied, Richard Serra, USA 1968, 6 min.<\/p>\n\n\n\n<p>Hand Lead Fulcrum, Richard Serra, USA 1971, 2 min.<\/p>\n\n\n\n<div style=\"height:4px\" aria-hidden=\"true\" class=\"wp-block-spacer\"><\/div>\n\n\n\n<p><strong>OPTIONALE\/WEITERF\u00dcHRENDE FILMLISTE:<\/strong><\/p>\n\n\n\n<p>Gerry, Gus van Sant, USA 2002<\/p>\n\n\n\n<p>&nbsp;Material, Thomas Heise D 2009\u2028Wittstock &#8211; Zyklus (Volker Koepp 1975 &#8211; 1997: 1975 M\u00e4dchen in Wittstock 1976 Wieder in Wittstock<\/p>\n\n\n\n<p>1978 Wittstock III 1984 Leben in Wittstock 1994 Neues aus Wittstock 1997 Wittstock, Wittstock )<\/p>\n\n\n\n<p>Satantango, Bela Tarr, HU 1994<\/p>\n\n\n\n<p>The Gunfighter, Henry King, USA 1950\u2028Sans toit ni loi, Agn\u00e8s Varda, F 1985<\/p>\n\n\n\n<p>Sehnsucht, Valeska Grisebach, D 2006<\/p>\n\n\n\n<p>Wendy &amp; Lucy, Kelly Reichardt, USA 2008<\/p>\n\n\n\n<p>Jeanne Dielman, 23 Quai du Commerce, 1080 Bruxelles, Chantal Akerman, B 1975<\/p>\n\n\n\n<p>Le Samourai, Jean-Pierre Melville, F 1967<\/p>\n\n\n\n<p>Rosetta, Jean-Pierre &amp; Luc Dardenne, B 1999<\/p>\n\n\n\n<p>Melancholia, Lars von Trier 2011<\/p>\n\n\n\n<p>Eine flexible Frau, D 2010, Tatjana Turanskyj<\/p>\n\n\n\n<p>Safe, Todd Haynes, USA 1995<\/p>\n\n\n\n<p>Repulsion, Roman Polanski, F 1965<\/p>\n\n\n\n<p>Il deserto rosso, Michelangelo Antonioni, I 1964<\/p>\n\n\n\n<p>Killer of Sheep, Charles Burnett, USA 1979<\/p>\n\n\n\n<p>Iklimer, Nuri Bilge Ceylan, T 2006<\/p>\n\n\n\n<p>L&#8217;Humanit\u00e9, Bruno Dumont , F 1999<\/p>\n\n\n\n<p>Women of the Dunes, Hiroshi Teshigahara, J 1964<\/p>\n\n\n\n<p>Lettre d&#8217;un cin\u00e9aste, Chantel Akerman, F 1984<\/p>\n\n\n\n<p>Der Vater meiner Kinder, Mia Hansen-Love, B 2009<\/p>\n\n\n\n<p>Hana-Bi, Takeshi Kitano, J 1997<\/p>\n\n\n\n<p>Dead Man, Jim Jarmusch USA 1995<\/p>\n\n\n\n<p>Il Buono, Il Brutto, Il Cattivo, Sergio Leone, I 1966<\/p>\n\n\n\n<p>Die Hard \/ Serie\u2028Fight Club, David Fincher, USA 1999<\/p>\n\n\n\n<p>Greenberg, Noah Baumbach, USA 2010<\/p>\n\n\n\n<p>The Beaver, Jodie Foster, USA 2011<\/p>\n\n\n\n<p>The Machinist, Brad Anderson, USA 2004<\/p>\n\n\n\n<p>Insomnia, Christopher Nolan, USA 2002<\/p>\n\n\n\n<p>Gabbla, Tariq Tequia, Algerien 2008<\/p>\n\n\n\n<div style=\"height:7px\" aria-hidden=\"true\" class=\"wp-block-spacer\"><\/div>\n\n\n\n<p><strong>ARTIST&#8217;S VIDEOS \/ FILMS:<\/strong><\/p>\n\n\n\n<p>Rufen bis zur Ersch\u00f6pfung, Jochen Gerz<\/p>\n\n\n\n<p>APOLOGIES 1983-1990, Anne Charlotte Robertson, USA 17 min.<\/p>\n\n\n\n<p>Torsten Haake-Brandt<\/p>\n\n\n\n<p>Waltz, Elena Kovylina<\/p>\n\n\n\n<p>Andy Warhol &#8230;<\/p>\n\n\n\n<p>Halcion Nights,&nbsp; Rodney Graham<\/p>\n\n\n\n<p>Broken Fall (Organic), Bas Jan Ader, NL 1971, 2&#8242;<\/p>\n\n\n\n<p>Videos\/Performances von Marina Abramovic &amp; Ulay<\/p>\n\n\n\n<div style=\"height:40px\" aria-hidden=\"true\" class=\"wp-block-spacer\"><\/div>\n\n\n\n<p><strong>Text Download:<\/strong><\/p>\n\n\n\n<div class=\"wp-block-file\"><a id=\"wp-block-file--media-9f980c3f-dca1-47f4-90f5-0c11182e221e\" href=\"https:\/\/kdm.akbild.ac.at\/wp-content\/uploads\/2024\/04\/Gilles-Deleuze-Postscript-on-the-Societies-of-Control.pdf\">Gilles Deleuze &#8211; Postscript on the Societies of Control.pdf<\/a><\/div>\n\n\n\n<div class=\"wp-block-file\"><a id=\"wp-block-file--media-f7c43042-3f02-478e-a7b3-48b148ab1982\" href=\"https:\/\/kdm.akbild.ac.at\/wp-content\/uploads\/2024\/04\/Gilles-Deleuze-The-Exhausted-komprimiert.pdf\">Gilles Deleuze &#8211; The Exhausted.pdf<\/a><\/div>\n","protected":false},"excerpt":{"rendered":"<p>&#8220;Die Ersch\u00f6pfungsm\u00fcdigkeit ist eine M\u00fcdigkeit der positiven Potenz. Sie macht unf\u00e4hig, etwas zu tun. Die M\u00fcdigkeit, die inspiriert, ist eine M\u00fcdigkeit der negativen Potenz, n\u00e4mlich des nicht-zu. Heilig ist nicht der Tag des um-zu, sondern der Tag des nicht-zu, ein Tag, an dem der Gebrauch des Unbrauchbaren m\u00f6glich w\u00e4re. Es ist der Tag der M\u00fcdigkeit.&#8221; [&hellip;]<\/p>\n","protected":false},"author":2,"featured_media":0,"parent":0,"menu_order":0,"comment_status":"closed","ping_status":"closed","template":"","meta":{"footnotes":""},"class_list":["post-765","page","type-page","status-publish","hentry"],"_links":{"self":[{"href":"https:\/\/kdm.akbild.ac.at\/index.php?rest_route=\/wp\/v2\/pages\/765","targetHints":{"allow":["GET"]}}],"collection":[{"href":"https:\/\/kdm.akbild.ac.at\/index.php?rest_route=\/wp\/v2\/pages"}],"about":[{"href":"https:\/\/kdm.akbild.ac.at\/index.php?rest_route=\/wp\/v2\/types\/page"}],"author":[{"embeddable":true,"href":"https:\/\/kdm.akbild.ac.at\/index.php?rest_route=\/wp\/v2\/users\/2"}],"replies":[{"embeddable":true,"href":"https:\/\/kdm.akbild.ac.at\/index.php?rest_route=%2Fwp%2Fv2%2Fcomments&post=765"}],"version-history":[{"count":3,"href":"https:\/\/kdm.akbild.ac.at\/index.php?rest_route=\/wp\/v2\/pages\/765\/revisions"}],"predecessor-version":[{"id":772,"href":"https:\/\/kdm.akbild.ac.at\/index.php?rest_route=\/wp\/v2\/pages\/765\/revisions\/772"}],"wp:attachment":[{"href":"https:\/\/kdm.akbild.ac.at\/index.php?rest_route=%2Fwp%2Fv2%2Fmedia&parent=765"}],"curies":[{"name":"wp","href":"https:\/\/api.w.org\/{rel}","templated":true}]}}