{"id":655,"date":"2018-10-11T10:00:00","date_gmt":"2018-10-11T10:00:00","guid":{"rendered":"https:\/\/kdm.akbild.ac.at\/?page_id=655"},"modified":"2024-04-04T20:02:18","modified_gmt":"2024-04-04T20:02:18","slug":"ws-18-ss-19-les-resultats-du-feminisme-feminist-cinema-feminist-aesthetics","status":"publish","type":"page","link":"https:\/\/kdm.akbild.ac.at\/?page_id=655","title":{"rendered":"WS 18 &#8211; SS 19   LES R\u00c9SULTATS DU F\u00c9MINISME &#8211; FEMINIST CINEMA \/ FEMINIST AESTHETICS"},"content":{"rendered":"\n<div style=\"height:5px\" aria-hidden=\"true\" class=\"wp-block-spacer\"><\/div>\n\n\n\n<figure class=\"wp-block-image size-large\"><img loading=\"lazy\" decoding=\"async\" width=\"1024\" height=\"576\" src=\"https:\/\/kdm.akbild.ac.at\/wp-content\/uploads\/2024\/04\/kalte_probe_img-1024x576.jpg\" alt=\"\" class=\"wp-image-656\" srcset=\"https:\/\/kdm.akbild.ac.at\/wp-content\/uploads\/2024\/04\/kalte_probe_img-1024x576.jpg 1024w, https:\/\/kdm.akbild.ac.at\/wp-content\/uploads\/2024\/04\/kalte_probe_img-300x169.jpg 300w, https:\/\/kdm.akbild.ac.at\/wp-content\/uploads\/2024\/04\/kalte_probe_img-768x432.jpg 768w, https:\/\/kdm.akbild.ac.at\/wp-content\/uploads\/2024\/04\/kalte_probe_img.jpg 1280w\" sizes=\"auto, (max-width: 1024px) 100vw, 1024px\" \/><figcaption class=\"wp-element-caption\"><em>Kalte Probe \/ Cold Rehearsal, Film, 2013 (A\/D), Constanze Ruhm &amp; Christine Lang<\/em><\/figcaption><\/figure>\n\n\n\n<div style=\"height:1px\" aria-hidden=\"true\" class=\"wp-block-spacer\"><\/div>\n\n\n\n<p>Departing from the film Kalte Probe \/ Cold Rehearsal (D\/A, 2013), co-produced by Christine Lang and Constanze Ruhm, the discussion of feminist forms of narrative and presentation in film history as well as contemporary production, is the central topic of the winter term 2018.    <\/p>\n\n\n\n<p>details below&#8230; <\/p>\n\n\n\n<p>Kalte Probe \/ Cold Rehearsal narrates in an anarchic nested manner the story of Hans, a once-famous, successful director (modeled on Jean-Luc Godard) whose career has bottomed out. While he, now employed as a cleaner instead of a director, mops up the show-stairs in a film studio, he stumbles, slips on a banana peel, tumbles down the stairs and dies. But before his soul can finally cross over to the hereafter, a few open accounts have to be settled: it turns out that Hans&#8217; deadly accident is part of a large-scale production, which was dreamt up by some of his also deceased former actresses, who spend their time jobless and bored in hell. Hans finds himself in a media-serial narrative nightmare in which he has to meet the important women of his life once again: the actresses, the nanny Ewa, his mother Irina \u2013 and, last but not least, he meets a child in a nature park, which he recognizes as a former version of himself. Finally, Hans realizes that he is actually dead. In Kalte Probe \/ Cold Rehearsal, the filmmakers refer to a variety of films, to literature (history) and above all to aesthetic, feminist and psychoanalytic theories. On the level of the screenplay as well its filmic mise-en-scene, the film is based on direct quotations and indirect allusions. For our seminar, these quotes serve as points of departure for various excursions into film history as well as theoretical discourses. In-depth treatment will be devoted to exemplary films by directors who have developed modes and methods of a feminist, aesthetic critique. <\/p>\n\n\n\n<p>Since the beginning of film history, the cinematic fictional work of women has been permeated by a very specific question: how can one succeed in revealing and questioning the implicit mechanisms of hegemonic, linear-causal narrative forms and the patriarchal structures inscribed in them? How can one create new narratives that, while complying with the order of narration, at the same time undermine it? How can one show that the social order could be represented quite differently than it is repeatedly postulated in the cosmos of fictional narratives and thus expressed as natural and inevitable? Les r\u00e9sultats du f\u00e9minisme, &#8220;The Results of Feminism&#8221; \u2013 the title of the first decidedly feminist film in film history, realized by Alice Guy Blach\u00e9 in1906 \u00ad\u2013  are far from being established or fulfilled, but rather remain a future project for feminist work in film. (Christine Lang, Constanze Ruhm) <\/p>\n\n\n\n<p><strong>Films  <\/strong><\/p>\n\n\n\n<ul class=\"wp-block-list\">\n<li>Les r\u00e9sultats du f\u00e9minisme (Alice Guy Blach\u00e9, F 1906) <\/li>\n\n\n\n<li>The Mother and the Law (D. W. Griffith USA 1919) <\/li>\n\n\n\n<li>Mutter Krausens Fahrt ins Gl\u00fcck (Piel Jutz D 1929) <\/li>\n\n\n\n<li>Psycho (Alfred Hitchcock USA 1960) <\/li>\n\n\n\n<li>Le Bonheur (Agnes Varda F 1965) <\/li>\n\n\n\n<li>Neun Leben hat die Katze (Ula St\u00f6ckl D 1965) <\/li>\n\n\n\n<li>Daisies (V\u011bra Chytilov\u00e1, Czech Republic 1966) <\/li>\n\n\n\n<li>Lives of Performers (Yvonne Rainer USA 1972) <\/li>\n\n\n\n<li>La Maman et la putain (Jean Eustache F 1973) <\/li>\n\n\n\n<li>A Woman Under the Influence (John Cassavetes USA 1974) <\/li>\n\n\n\n<li>What Maisie Knew (Babette Mangolte USA 1975) <\/li>\n\n\n\n<li>Mutter K\u00fcsters Fahrt zum Himmel (Rainer Werner Fassbinder D 1975) <\/li>\n\n\n\n<li>News From Home (Chantal Akerman B 1977) <\/li>\n\n\n\n<li>The Camera: Je (La Camera: I) (Babette Mangolte USA 1977) <\/li>\n\n\n\n<li>Riddles of the Sphinx (Laura Mulvey \/ Peter Wollen UK 1977) <\/li>\n\n\n\n<li>Die allseits reduzierte Pers\u00f6nlichkeit (Helke Sanders D 1978) <\/li>\n\n\n\n<li>Gloria (John Cassavetes USA 1980) <\/li>\n\n\n\n<li>Gold Diggers (Sally Potter UK 1983) <\/li>\n\n\n\n<li>Una ora sola ti vorrei (Alina Marazzi I 2005) <\/li>\n\n\n\n<li>Kalte Probe\/Cold Rehearsal (Constanze Ruhm\/Christine Lang A\/D 2013) <\/li>\n\n\n\n<li>May Lady (Rahkshan Bani-Etemad, Iran 1998) <\/li>\n\n\n\n<li>The Report (Abbas Kiarostami, Iran, 1977) <\/li>\n\n\n\n<li>Djamilia \/ Jamila (Aminatou Echard, 2018)     <\/li>\n<\/ul>\n\n\n\n<p><strong>Texts<\/strong>  <\/p>\n\n\n\n<ul class=\"wp-block-list\">\n<li>Tom Gunning, The Cinema of Attraction: Early Cinema, the Spectator and the Avant-Garde <\/li>\n\n\n\n<li>Catherine Grant, Secret Agents: Feminist Theories of Women\u2019s Film Authorship <\/li>\n\n\n\n<li>Laura Mulvey, Visual Pleasure and Narrative Cinema <\/li>\n\n\n\n<li>Laura Mulvey &amp; Peter Wollen, Theory Film as Essay Film <\/li>\n\n\n\n<li>Laura Mulvey, Gleaning, Detournement and Compilation Film <\/li>\n\n\n\n<li>Interview with Laura Mulvey on Riddles of the Sphinx   <\/li>\n<\/ul>\n\n\n\n<p><strong>Books<\/strong>   <\/p>\n\n\n\n<p>Sara Ahmed,\u201aFeminist Killjoys\u2019 The Promise of Happiness, (Durham 2010)   <\/p>\n\n\n\n<p>Mary Anne Doane, The Desire to Desire: The Woman\u2019s Film of the 1940s (Theories of Representation and Difference), (Indiana University Press 1987)   <\/p>\n\n\n\n<p>Delphine Benezet, The Cinema of Agnes Varda: Resistance and Eclecticism (2014)   <\/p>\n\n\n\n<p>Rike Frank, Constanze Ruhm \u2013 Coming Attractions (Schleebr\u00fcgge Editor, 2012)   <\/p>\n\n\n\n<p>E. Ann Kaplan, Motherhood and Representation. The Mother in Popular Culture and Melodrama. Feminism, Psychoanalysis and the Material American Melodrama (Taylor &amp; Francis 1992)   <\/p>\n\n\n\n<p>Patricia Mellencamp, Situation Comedy, Feminsism and Freud. Doscourses of Gracie and Lucy. In: Studies in Entertainment Critical Approaches to Mass Culture. Theories of contemporary culture 7, edited by Tania Modleski, 80-95. (Bloomington, Ind. (et al): Indiana Univ.-Press, 1986)   <\/p>\n\n\n\n<p>Laura Mulvey\/Anna Backman Rogers, Diversity, Difference and Multiplicity in Contemporary Film Cultures (Amsterdam University Press 2015)   <\/p>\n\n\n\n<p>Asma Sayed  (Ed.), Screening Mothers. Motherhood in Contemporary World Cinema(Demeter Press 2016) <\/p>\n\n\n\n<p>Alexandra Schantl, Constanze Ruhm \/ Re: Rehearsals (No Such Thing as Repetition)(Kerber Verlag, 2015)<\/p>\n\n\n\n<p>Kaja Silverman, The Acoustic Mirror: The Female Voice in Psychoanalysis and Film(Indiana University Press 1988)   <\/p>\n\n\n\n<p>Sally  Potter, Naked Cinema (Faber &amp; Faber 2014)   <\/p>\n\n\n\n<p>Giuliana Bruno, Streetwalking on a Ruined Map: Cultural Theory and the City Films of Elvira Notari (Princeton University Press 1993)     <\/p>\n\n\n\n<p><strong>Seminar Christine Lang<\/strong> (further details to be announced) <\/p>\n\n\n\n<p>(13. 12. 2018, 11.00 \u2013 18.00, 14. 12. 2018, 10.00 \u2013 14.00) <\/p>\n\n\n\n<p>Christine Lang (filmmaker, cultural scientist, dramaturge) will hold a two-day seminar on December 13 and 14, which engages with the issues of this semester and will address a range of feminist positions in German film history. The seminar also serves as a preparation for and introduction to our planned excursion to the Berlinale 2019 between February 6 and 12, which will deal with feminist film history from Germany in the 60s, 70s and 80s as part of a large-scale retrospective. (Detailed list of literature to follow)   <\/p>\n\n\n\n<p><strong>Films (selection)<\/strong>  <\/p>\n\n\n\n<ul class=\"wp-block-list\">\n<li>Zur Sache Sch\u00e4tzchen (May Spils, D 1968) <\/li>\n\n\n\n<li>9 Leben hat die Katze  (Ula St\u00f6ckl, D 1968) <\/li>\n\n\n\n<li>Warum ist Frau B. gl\u00fccklich? (Erika Runge, D 1968) <\/li>\n\n\n\n<li>Kennen Sie Urban (Ingrid Reschke D 1971) <\/li>\n\n\n\n<li>Das zweite Erwachen der Christa Klages (Margarethe von Trotta, D 1973) <\/li>\n\n\n\n<li>Die Taube auf dem Dach  (Iris Gusner, DDR 1973\/1990) <\/li>\n\n\n\n<li>Die bleierne Zeit  (Margarethe von Trotta, D 1975) <\/li>\n\n\n\n<li>Tue Recht und scheue niemand  (Jutta Br\u00fcckner, D 1975) <\/li>\n\n\n\n<li>Unter dem Pflaster liegt der Strand  (Helke Sanders-Brahms, D 1975) <\/li>\n\n\n\n<li>Redupers&#8230; Die allseits reduzierte Pers\u00f6nlichkeit (Helke Sander, D 1977)<\/li>\n\n\n\n<li>Heim  (Angelika Andrees \/ Petra Tsch\u00f6rtner, DDR 1978) <\/li>\n\n\n\n<li>Ich denke oft an Hawaii (Elfi Mikesch, D 1979) <\/li>\n\n\n\n<li>Von wegen Schicksal (Helga Reidemeister, D 1979) <\/li>\n\n\n\n<li>Kribus, Krabus, Domine (Tatarotti, I 1980) <\/li>\n\n\n\n<li>Etwas tut weh (Recha Jungman, D 1980) <\/li>\n\n\n\n<li>Das Fahrrad (Evelyn Schmidt, DDR 1980) <\/li>\n\n\n\n<li>Die Reise nach Lyon (Claudia von Aleman, D 1980) <\/li>\n\n\n\n<li>Carola Bloch, dann nimmt die Frau die Geschicke in die Hand (Helga Reidemeister, D 1982) <\/li>\n\n\n\n<li>Peppermint Fieden (M. Rosenbaum, D 1983) <\/li>\n\n\n\n<li>Kaskade R\u00fcckw\u00e4rts (Iris Gusner, DDR 1984) <\/li>\n\n\n\n<li>Die Wahrheit um den Froschk\u00f6nig (Sieglinde Hamacher, DDR 1985) <\/li>\n\n\n\n<li>Wer f\u00fcrchtet sich vorm schwarzen Mann (Helke Misselwitz, D 1989)<\/li>\n\n\n\n<li>Prenzlauer Berg (Petra Tsch\u00f6rtner DDR 1990) <\/li>\n\n\n\n<li>Der gl\u00e4serne Himmel (Nina Grosse, D 1987) <\/li>\n\n\n\n<li>Im Kreise der Lieben (Henrike Huntgeburth, D 1991) <\/li>\n\n\n\n<li>Leise Schatten (Sherry Horman, D 1992) <\/li>\n\n\n\n<li>Nie wieder schlafen (Pia Frankenberg, D 1992) <\/li>\n\n\n\n<li>Keiner liebt mich (Doris D\u00f6rrie, D 1994) <\/li>\n\n\n\n<li>Das Gl\u00fcck meiner Schwester (Angela Schanelec, D 1995) <\/li>\n\n\n\n<li>Bandits (Katja von Garnier, D 1997)    <\/li>\n<\/ul>\n\n\n\n<p><strong>Dates<\/strong>   <\/p>\n\n\n\n<p>Oct 17 &#8211; 2pm Class Meeting &#8211; Presentations   <\/p>\n\n\n\n<p>Oct 24 &#8211; 11am Single Crits   <\/p>\n\n\n\n<p>Oct 31 &#8211; 2pm Class Meeting &#8211; Presentations <\/p>\n\n\n\n<p>Nov 7 &#8211; 11am Single Crits <\/p>\n\n\n\n<p>Nov 14 &#8211; 2pm Class Meeting \u2013 Les r\u00e9sultats du f\u00e9minisme Pt. 1 <\/p>\n\n\n\n<p>Nov 21 &#8211; 2pm Class Meeting \u2013 Les r\u00e9sultats du f\u00e9minisme Pt. 2 <\/p>\n\n\n\n<p>Nov 28 &#8211; 12 am  Rundgang Meeting <\/p>\n\n\n\n<p>Nov 28 &#8211; 3pm Class Meeting \u2013 Les r\u00e9sultats du f\u00e9minisme Pt. 3   <\/p>\n\n\n\n<p>Dec 12 &#8211; 11am Single Crits   <\/p>\n\n\n\n<p>Dec 13\/14 &#8211; 11am Seminar Christine Lang <\/p>\n\n\n\n<p>Jan 9.2019 &#8211; 2pm Class Meeting &#8211; Presentations <\/p>\n\n\n\n<p>Jan 16.2019 &#8211; 2pm Class Meeting &#8211; Presentations <\/p>\n\n\n\n<p>Jan 24. 1. \u2013 27. 2019 Academy Rundgang       <\/p>\n\n\n\n<p><strong>Event Tips   <\/strong><\/p>\n\n\n\n<p>Wed 24.10.2018, 7pm , Wendelien van Oldenborgh , Mumok Kino &amp; Ausstellung im Significant Other <\/p>\n\n\n\n<p>Tue 06.11. and Wed 07.11., Christiana Perschon: Sie ist der andere Blick, Viennale <\/p>\n\n\n\n<p>Wed 14.11. &#8211; 7pm, Nina Yuen Screening, Mumok Kino <\/p>\n\n\n\n<p>Thu 15.11. 7pm Roberto Winter, Artist Talk <\/p>\n\n\n\n<p>Fri 30.11. 4pm Framed Existences, Golden Pixel Cooperative, Medienwerkstatt Wien<\/p>\n","protected":false},"excerpt":{"rendered":"<p>Departing from the film Kalte Probe \/ Cold Rehearsal (D\/A, 2013), co-produced by Christine Lang and Constanze Ruhm, the discussion of feminist forms of narrative and presentation in film history as well as contemporary production, is the central topic of the winter term 2018. details below&#8230; Kalte Probe \/ Cold Rehearsal narrates in an anarchic [&hellip;]<\/p>\n","protected":false},"author":2,"featured_media":0,"parent":0,"menu_order":0,"comment_status":"closed","ping_status":"closed","template":"","meta":{"footnotes":""},"class_list":["post-655","page","type-page","status-publish","hentry"],"_links":{"self":[{"href":"https:\/\/kdm.akbild.ac.at\/index.php?rest_route=\/wp\/v2\/pages\/655","targetHints":{"allow":["GET"]}}],"collection":[{"href":"https:\/\/kdm.akbild.ac.at\/index.php?rest_route=\/wp\/v2\/pages"}],"about":[{"href":"https:\/\/kdm.akbild.ac.at\/index.php?rest_route=\/wp\/v2\/types\/page"}],"author":[{"embeddable":true,"href":"https:\/\/kdm.akbild.ac.at\/index.php?rest_route=\/wp\/v2\/users\/2"}],"replies":[{"embeddable":true,"href":"https:\/\/kdm.akbild.ac.at\/index.php?rest_route=%2Fwp%2Fv2%2Fcomments&post=655"}],"version-history":[{"count":1,"href":"https:\/\/kdm.akbild.ac.at\/index.php?rest_route=\/wp\/v2\/pages\/655\/revisions"}],"predecessor-version":[{"id":657,"href":"https:\/\/kdm.akbild.ac.at\/index.php?rest_route=\/wp\/v2\/pages\/655\/revisions\/657"}],"wp:attachment":[{"href":"https:\/\/kdm.akbild.ac.at\/index.php?rest_route=%2Fwp%2Fv2%2Fmedia&parent=655"}],"curies":[{"name":"wp","href":"https:\/\/api.w.org\/{rel}","templated":true}]}}