{"id":43,"date":"2024-01-31T15:05:57","date_gmt":"2024-01-31T15:05:57","guid":{"rendered":"https:\/\/kdm.akbild.ac.at\/?page_id=43"},"modified":"2024-04-23T13:32:38","modified_gmt":"2024-04-23T13:32:38","slug":"imprint","status":"publish","type":"page","link":"https:\/\/kdm.akbild.ac.at\/?page_id=43","title":{"rendered":"Imprint"},"content":{"rendered":"\n<div class=\"wp-block-columns is-layout-flex wp-container-core-columns-is-layout-9d6595d7 wp-block-columns-is-layout-flex\">\n<div class=\"wp-block-column is-layout-flow wp-block-column-is-layout-flow\" style=\"flex-basis:33.33%\">\n<h4 class=\"wp-block-heading\">Kunst und Zeit | Medien<br>Akademie der bildenden K\u00fcnste Wien<br><\/h4>\n\n\n\n<h4 class=\"wp-block-heading\">Atelierhaus Lehargasse<br>1. Obergeschoss<br>Lehargasse 8, <br>1060 Wien<br><br>Tel.:+43(1)58816-412<br>Fax: +43(1)58815-430<br><br>Kontakt: <br>Marlies P\u00f6schl<br>m.poeschl[at]akbild.ac.at<br><br>Axel Stockburger<br>a.stockburger[at]akbild.ac.at<\/h4>\n<\/div>\n\n\n\n<div class=\"wp-block-column is-layout-flow wp-block-column-is-layout-flow\" style=\"flex-basis:66.66%\">\n<p>Programmierung: Lisa Penz<br>Seitenbetreuung: Axel Stockburger, Siri Baden<\/p>\n\n\n\n<p>Inhalt:&nbsp;Mit dieser Webseite m\u00f6chten wir aktuelle Informationen rund um das Ordinariat f\u00fcr Kunst und digitale Medien anbieten &#8211; sowohl seitens des Lehrbetriebes, als auch seitens des k\u00fcnstlerischen Schaffens der Studierenden. Die Website soll die Studierenden \u00fcber Lehrveranstaltungen, Termine und aktuelle Themen zum Studienplan informieren. Aussenstehenden Personen soll ein Einblick in das Kunstschaffen, den Kunstbetrieb und dessen Ausrichtung erm\u00f6glicht werden.<\/p>\n\n\n\n<p>Haftung:&nbsp;Die Inhalte diser Webseite sind von den Autoren und der Redaktion sorgf\u00e4ltig ausgew\u00e4hlt und gepr\u00fcft, dennoch kann keine Garantie \u00fcbernommen werden. Eine Haftung von&nbsp;<em>kdm.akbild.ac.at<\/em>&nbsp;und seinen Beauftragten f\u00fcr Personen-, Sach- und Verm\u00f6genssch\u00e4den ist ausgeschlossen. Das Copyright aller Inhalte liegt bei&nbsp;<em>kdm.akbild.ac.at<\/em>. F\u00fcr einzelne Beitr\u00e4ge und Bildwerke liegen die Rechte bei Autoren und K\u00fcnstlern. Alle Rechte vorbehalten. Eine \u00dcbernahme von Texten oder Bildern bedarf der schriftlichen Zustimmung von&nbsp;<em>kdm.akbild.ac.at<\/em>.<br><br>\u00a92024&nbsp;<\/p>\n<\/div>\n<\/div>\n","protected":false},"excerpt":{"rendered":"<p>Kunst und Zeit | MedienAkademie der bildenden K\u00fcnste Wien Atelierhaus Lehargasse1. ObergeschossLehargasse 8, 1060 Wien Tel.:+43(1)58816-412Fax: +43(1)58815-430 Kontakt: Marlies P\u00f6schlm.poeschl[at]akbild.ac.at Axel Stockburgera.stockburger[at]akbild.ac.at Programmierung: Lisa PenzSeitenbetreuung: Axel Stockburger, Siri Baden Inhalt:&nbsp;Mit dieser Webseite m\u00f6chten wir aktuelle Informationen rund um das Ordinariat f\u00fcr Kunst und digitale Medien anbieten &#8211; sowohl seitens des Lehrbetriebes, als auch seitens des [&hellip;]<\/p>\n","protected":false},"author":4,"featured_media":0,"parent":0,"menu_order":0,"comment_status":"closed","ping_status":"closed","template":"","meta":{"footnotes":""},"class_list":["post-43","page","type-page","status-publish","hentry"],"_links":{"self":[{"href":"https:\/\/kdm.akbild.ac.at\/index.php?rest_route=\/wp\/v2\/pages\/43","targetHints":{"allow":["GET"]}}],"collection":[{"href":"https:\/\/kdm.akbild.ac.at\/index.php?rest_route=\/wp\/v2\/pages"}],"about":[{"href":"https:\/\/kdm.akbild.ac.at\/index.php?rest_route=\/wp\/v2\/types\/page"}],"author":[{"embeddable":true,"href":"https:\/\/kdm.akbild.ac.at\/index.php?rest_route=\/wp\/v2\/users\/4"}],"replies":[{"embeddable":true,"href":"https:\/\/kdm.akbild.ac.at\/index.php?rest_route=%2Fwp%2Fv2%2Fcomments&post=43"}],"version-history":[{"count":15,"href":"https:\/\/kdm.akbild.ac.at\/index.php?rest_route=\/wp\/v2\/pages\/43\/revisions"}],"predecessor-version":[{"id":816,"href":"https:\/\/kdm.akbild.ac.at\/index.php?rest_route=\/wp\/v2\/pages\/43\/revisions\/816"}],"wp:attachment":[{"href":"https:\/\/kdm.akbild.ac.at\/index.php?rest_route=%2Fwp%2Fv2%2Fmedia&parent=43"}],"curies":[{"name":"wp","href":"https:\/\/api.w.org\/{rel}","templated":true}]}}