{"id":41,"date":"2024-01-31T15:05:47","date_gmt":"2024-01-31T15:05:47","guid":{"rendered":"https:\/\/kdm.akbild.ac.at\/?page_id=41"},"modified":"2025-11-05T09:02:13","modified_gmt":"2025-11-05T09:02:13","slug":"students-alumni","status":"publish","type":"page","link":"https:\/\/kdm.akbild.ac.at\/?page_id=41","title":{"rendered":"Students \/ Alumni"},"content":{"rendered":"\n<div class=\"wp-block-columns is-layout-flex wp-container-core-columns-is-layout-9d6595d7 wp-block-columns-is-layout-flex\">\n<div class=\"wp-block-column is-layout-flow wp-block-column-is-layout-flow\">\n<h3 class=\"wp-block-heading\">Students<\/h3>\n\n\n\n<div class=\"wp-block-group\"><div class=\"wp-block-group__inner-container is-layout-constrained wp-block-group-is-layout-constrained\">\n<ul class=\"wp-block-list\">\n<li>Rosa Andraschek-Holzer<\/li>\n\n\n\n<li><a href=\"http:\/\/www.anoshenkova.art\" data-type=\"link\" data-id=\"www.anoshenkova.art\">Lyudmila Anoshenkova<\/a><\/li>\n\n\n\n<li>Sara Bahmou     <\/li>\n\n\n\n<li><a href=\"http:\/\/www.siribaden.com\" data-type=\"link\" data-id=\"www.siribaden.com\">Siri Baden<\/a>                                                       <\/li>\n\n\n\n<li>Emma Bayer<\/li>\n\n\n\n<li>Yelyzaveta Burtseva<\/li>\n\n\n\n<li>Helin Celik<\/li>\n\n\n\n<li><a href=\"https:\/\/marachavez.com\/\" data-type=\"link\" data-id=\"https:\/\/marachavez.com\/\">Mara Chavez<\/a><\/li>\n\n\n\n<li>Anna Corrigan<\/li>\n\n\n\n<li><a href=\"https:\/\/kristinacyan.com\/\" data-type=\"link\" data-id=\"https:\/\/kristinacyan.com\/\">Kristina Cyan<\/a><\/li>\n\n\n\n<li>Ganael Dumreicher<\/li>\n\n\n\n<li>Stefan-Manuel Eggenweber<\/li>\n\n\n\n<li>Hicran Ergen<\/li>\n\n\n\n<li>Vincent Entekhabi<\/li>\n\n\n\n<li>Anouk Euler-Rolle Lucas<\/li>\n\n\n\n<li>Kevin Ferdinandus<\/li>\n\n\n\n<li>Samuel Fuentes S\u00e1nchez<\/li>\n\n\n\n<li>Nils Gabriel<\/li>\n\n\n\n<li>Kelly-Ann Gardener<\/li>\n\n\n\n<li>Aiganym Gazizova<\/li>\n\n\n\n<li>Djoana Gueorguieva<\/li>\n\n\n\n<li>Liva Hage<\/li>\n\n\n\n<li>Mathis Hauter<\/li>\n\n\n\n<li>Vildana Hermann<\/li>\n\n\n\n<li>Nestor Hiebl<\/li>\n\n\n\n<li>Sophia Hochedlinger<\/li>\n\n\n\n<li>Hans Kjaer-Hansen<\/li>\n\n\n\n<li>Florian Kogler<\/li>\n\n\n\n<li>Artem Konevskikh<\/li>\n\n\n\n<li>Ekaterina Kormilitsyna<\/li>\n\n\n\n<li>Egor Kraft<\/li>\n\n\n\n<li>Lila-Zo\u00e9 Krau\u00df<\/li>\n\n\n\n<li>Marie Lempelius<\/li>\n\n\n\n<li>Lisa Lampl<\/li>\n\n\n\n<li><a href=\"https:\/\/claudialomoschitz.com\" data-type=\"link\" data-id=\"https:\/\/claudialomoschitz.com\">Claudia Lomoschitz<\/a><\/li>\n\n\n\n<li>Melanie Sien Min Lyn<\/li>\n\n\n\n<li>Gitti Hering<\/li>\n\n\n\n<li>Anwar Mussirepov<\/li>\n\n\n\n<li>Ksenia Nechay<\/li>\n\n\n\n<li>Liam Noack<\/li>\n\n\n\n<li>Buket \u00d6zlalevi<\/li>\n\n\n\n<li>Juliane Theresa W\u00fcrfel<\/li>\n\n\n\n<li>\u00d6yk\u00fc \u00d6zer<\/li>\n\n\n\n<li>Raphael R\u00f6\u00f6sli<\/li>\n\n\n\n<li>Fatemeh Sarebannejad<\/li>\n\n\n\n<li>Choye Shin<\/li>\n\n\n\n<li>Sopiko Sheitnishvili<\/li>\n\n\n\n<li>Ezra \u0160imek<\/li>\n\n\n\n<li>Friederike Steinert<\/li>\n\n\n\n<li>Ruiyue Sun<\/li>\n\n\n\n<li>Luisali Theisen<\/li>\n\n\n\n<li>Soboleva Tora Viktoriia<\/li>\n\n\n\n<li>Jiri Tomicek<\/li>\n\n\n\n<li>Jana Van Brussel<\/li>\n\n\n\n<li>Lucie Wahl<\/li>\n\n\n\n<li>Pia Wurzer<\/li>\n\n\n\n<li>Gu Xiaohuan<\/li>\n\n\n\n<li>Yuwei Zhao<\/li>\n\n\n\n<li><a href=\"https:\/\/www.instagram.com\/maryam_zuhuri\/\" data-type=\"link\" data-id=\"https:\/\/www.instagram.com\/maryam_zuhuri\/\">Maryam Zuhuri<\/a><\/li>\n\n\n\n<li>Laura Sole Hanser<\/li>\n<\/ul>\n\n\n\n<p><br><\/p>\n<\/div><\/div>\n<\/div>\n\n\n\n<div class=\"wp-block-column is-layout-flow wp-block-column-is-layout-flow\">\n<h3 class=\"wp-block-heading\">Alumni<\/h3>\n\n\n\n<ul class=\"wp-block-list\">\n<li><a href=\"https:\/\/dabelka.com\/\" data-type=\"link\" data-id=\"https:\/\/dabelka.com\/\">Mariya Aleynikova<\/a><\/li>\n\n\n\n<li>Ana de Almeida (Master in Critical Studies)         Ruben Aubrecht<\/li>\n\n\n\n<li><a href=\"https:\/\/annabarbieri.net\/\" data-type=\"link\" data-id=\"https:\/\/annabarbieri.net\/\">Anna Barbieri<\/a><\/li>\n\n\n\n<li>Chiara Bartl<\/li>\n\n\n\n<li>Iris Blauensteiner<\/li>\n\n\n\n<li>Cana Bilir-Meier<\/li>\n\n\n\n<li>Vilte Bra\u017ei\u016bnait\u0117<\/li>\n\n\n\n<li>Ilona Braun (Master in Critical Studies)<\/li>\n\n\n\n<li>Johannes Bode<\/li>\n\n\n\n<li>Aleksandar Bubalo<\/li>\n\n\n\n<li>Alan Cicmak<\/li>\n\n\n\n<li>Basar Coskun<\/li>\n\n\n\n<li><a href=\"https:\/\/web.archive.org\/web\/20220401132101\/https:\/\/www.margarethedrexel.net\/\" data-type=\"link\" data-id=\"https:\/\/web.archive.org\/web\/20220401132101\/https:\/\/www.margarethedrexel.net\/\">Maria Margarethe Drexel<\/a><\/li>\n\n\n\n<li>Anke Dyes (Master in Critical Studies)<\/li>\n\n\n\n<li>Karina Eybatova<\/li>\n\n\n\n<li>Christian Egger<\/li>\n\n\n\n<li><a href=\"https:\/\/web.archive.org\/web\/20220702110208\/https:\/\/stefaneipeltauer.net\/\" data-type=\"link\" data-id=\"https:\/\/web.archive.org\/web\/20220702110208\/https:\/\/stefaneipeltauer.net\/\">Stefan Eipeltauer<\/a><\/li>\n\n\n\n<li><a href=\"https:\/\/web.archive.org\/web\/20220525003556\/https:\/\/dmytrofedorenko.com\/\" data-type=\"link\" data-id=\"https:\/\/web.archive.org\/web\/20220525003556\/https:\/\/dmytrofedorenko.com\/\">Dmytro Fedorenko<\/a><\/li>\n\n\n\n<li><a href=\"https:\/\/web.archive.org\/web\/20220328115916\/http:\/\/judithfegerl.net\/\" data-type=\"link\" data-id=\"https:\/\/web.archive.org\/web\/20220328115916\/http:\/\/judithfegerl.net\/\">Judith Fegerl<\/a><\/li>\n\n\n\n<li>No\u00ebl Gaar<\/li>\n\n\n\n<li>Florian Gehrer<\/li>\n\n\n\n<li>Jacqueline Gra\u00dfmann (Master in Critical Studies)<\/li>\n\n\n\n<li><a href=\"https:\/\/web.archive.org\/web\/20220702055320\/http:\/\/michaelguelzow.com\/\" data-type=\"link\" data-id=\"https:\/\/web.archive.org\/web\/20220702055320\/http:\/\/michaelguelzow.com\/\">Michael G\u00fclzow<\/a><\/li>\n\n\n\n<li><a href=\"https:\/\/web.archive.org\/web\/20220702055320\/http:\/\/www.johannesgierlinger.com\/\" data-type=\"link\" data-id=\"https:\/\/web.archive.org\/web\/20220702055320\/http:\/\/www.johannesgierlinger.com\/\">Johannes Gierlinger<\/a><\/li>\n\n\n\n<li>Mischa Guttmann<\/li>\n\n\n\n<li><a href=\"https:\/\/web.archive.org\/web\/20220702055320\/http:\/\/susanhaertig.com\/\" data-type=\"link\" data-id=\"https:\/\/web.archive.org\/web\/20220702055320\/http:\/\/susanhaertig.com\/\">Susan H\u00e4rtig<\/a><\/li>\n\n\n\n<li><a href=\"https:\/\/web.archive.org\/web\/20220702055320\/http:\/\/cargocollective.com\/jessycarhauser\" data-type=\"link\" data-id=\"https:\/\/web.archive.org\/web\/20220702055320\/http:\/\/cargocollective.com\/jessycarhauser\">Jessyca R. Hauser<\/a><\/li>\n\n\n\n<li><a href=\"https:\/\/web.archive.org\/web\/20220702055320\/http:\/\/lukasheistinger.hotglue.me\/\" data-type=\"link\" data-id=\"https:\/\/web.archive.org\/web\/20220702055320\/http:\/\/lukasheistinger.hotglue.me\/\">Lukas Heistinger<\/a><\/li>\n\n\n\n<li><a href=\"https:\/\/web.archive.org\/web\/20220702055320\/http:\/\/www.pilleriinjaik.com\/\" data-type=\"link\" data-id=\"https:\/\/web.archive.org\/web\/20220702055320\/http:\/\/www.pilleriinjaik.com\/\">Pille-Riin Jaik<\/a><\/li>\n\n\n\n<li>Eszter Kallay<\/li>\n\n\n\n<li>Barbara Kapusta<\/li>\n\n\n\n<li>Bj\u00f6rn K\u00e4mmerer<\/li>\n\n\n\n<li>Nazira Karimova<\/li>\n\n\n\n<li>Marie Klein<\/li>\n\n\n\n<li>Sania Lasi\u0107<\/li>\n\n\n\n<li>Sarah Lehnerer<\/li>\n\n\n\n<li>Elke Liberda<\/li>\n\n\n\n<li>Anna-Sofie Lugmeier<\/li>\n\n\n\n<li>Martina Lunzer<\/li>\n\n\n\n<li>Marlene Maria Maier<\/li>\n\n\n\n<li>Moritz Majce<\/li>\n\n\n\n<li>Jennifer Mattes<\/li>\n\n\n\n<li>Albert Mayr<\/li>\n\n\n\n<li><a href=\"http:\/\/www.linneameiners.net\" data-type=\"link\" data-id=\"www.linneameiners.net\">Linn\u00e9a Meiners (Master in Critical Studies)<\/a><\/li>\n\n\n\n<li>Stefanie Molz<\/li>\n\n\n\n<li>Jan-Hendrik M\u00fcller (Master in Critical Studies)<\/li>\n\n\n\n<li>Simon Nagy<\/li>\n\n\n\n<li>Julia Novacek<\/li>\n\n\n\n<li>Lydia Nsiah<\/li>\n\n\n\n<li>Selin Karaman<\/li>\n\n\n\n<li>Daniel Partke<\/li>\n\n\n\n<li>Christiana Perschon<\/li>\n\n\n\n<li>Marlies P\u00f6schl<\/li>\n\n\n\n<li>Ulrike Putzer<\/li>\n\n\n\n<li>Sara Rose Reynolds<\/li>\n\n\n\n<li>Sebastian Meyer<\/li>\n\n\n\n<li>Juliane Saupe (Master in Critical Studies)<\/li>\n\n\n\n<li>Flora Schausberger<\/li>\n\n\n\n<li>Stefanie Schwarzwimmer<\/li>\n\n\n\n<li>Michaela Schweighofer<\/li>\n\n\n\n<li>Michael Rene Sell<\/li>\n\n\n\n<li>Ritusangam Sharma<\/li>\n\n\n\n<li>Michael Simku<\/li>\n\n\n\n<li>Lisa Stuckey<\/li>\n\n\n\n<li>Lia Sudermann (Master in Critical Studies)<\/li>\n\n\n\n<li>Katharina Swoboda<\/li>\n\n\n\n<li>Pia Strau<\/li>\n\n\n\n<li><a href=\"https:\/\/hudatakriti.com\/\" data-type=\"link\" data-id=\"https:\/\/hudatakriti.com\/\">Huda Takriti<\/a><\/li>\n\n\n\n<li><a href=\"https:\/\/www.topitschnig.com\/\" data-type=\"link\" data-id=\"https:\/\/www.topitschnig.com\/\">Patrick Topitschnig<\/a><\/li>\n\n\n\n<li>Lorenz Tr\u00f6binger<\/li>\n\n\n\n<li>Alexandra Wanderer<\/li>\n\n\n\n<li>Armin Wagner<\/li>\n\n\n\n<li>Denis Yashin<\/li>\n\n\n\n<li>Julija Zaharijevic<\/li>\n\n\n\n<li>Lucas Zallmann<\/li>\n\n\n\n<li>Kateryna Zavolok<\/li>\n<\/ul>\n<\/div>\n<\/div>\n\n\n\n<p><\/p>\n","protected":false},"excerpt":{"rendered":"<p>Students Alumni<\/p>\n","protected":false},"author":4,"featured_media":0,"parent":0,"menu_order":0,"comment_status":"closed","ping_status":"closed","template":"","meta":{"footnotes":""},"class_list":["post-41","page","type-page","status-publish","hentry"],"_links":{"self":[{"href":"https:\/\/kdm.akbild.ac.at\/index.php?rest_route=\/wp\/v2\/pages\/41","targetHints":{"allow":["GET"]}}],"collection":[{"href":"https:\/\/kdm.akbild.ac.at\/index.php?rest_route=\/wp\/v2\/pages"}],"about":[{"href":"https:\/\/kdm.akbild.ac.at\/index.php?rest_route=\/wp\/v2\/types\/page"}],"author":[{"embeddable":true,"href":"https:\/\/kdm.akbild.ac.at\/index.php?rest_route=\/wp\/v2\/users\/4"}],"replies":[{"embeddable":true,"href":"https:\/\/kdm.akbild.ac.at\/index.php?rest_route=%2Fwp%2Fv2%2Fcomments&post=41"}],"version-history":[{"count":52,"href":"https:\/\/kdm.akbild.ac.at\/index.php?rest_route=\/wp\/v2\/pages\/41\/revisions"}],"predecessor-version":[{"id":1082,"href":"https:\/\/kdm.akbild.ac.at\/index.php?rest_route=\/wp\/v2\/pages\/41\/revisions\/1082"}],"wp:attachment":[{"href":"https:\/\/kdm.akbild.ac.at\/index.php?rest_route=%2Fwp%2Fv2%2Fmedia&parent=41"}],"curies":[{"name":"wp","href":"https:\/\/api.w.org\/{rel}","templated":true}]}}