{"id":1000,"date":"2025-10-01T09:56:35","date_gmt":"2025-10-01T09:56:35","guid":{"rendered":"https:\/\/kdm.akbild.ac.at\/?page_id=1000"},"modified":"2026-05-07T13:32:17","modified_gmt":"2026-05-07T13:32:17","slug":"ws-25-airing-differences-ii","status":"publish","type":"page","link":"https:\/\/kdm.akbild.ac.at\/?page_id=1000","title":{"rendered":"WS 25 &#8211; 26 AIRING DIFFERENCES II"},"content":{"rendered":"\r\n<p><strong>Airing Differences | Radio Orange Live Broadcast<\/strong><\/p>\r\n\r\n\r\n\r\n<p>The project REGARDING PAIN |\u00a0Radio RTPO emerged from students of our studio as a contribution to the Academy of Fine Arts&#8217; annual Rundgang in January 2025. Students transformed the teaching pavilion on Semperdepot&#8217;s first floor into a temporary radio station, producing and broadcasting a six-hour live show throughout the building and beyond. Responding to our term\u2018s theme &#8216;On Violence,&#8217; this project used Susan Sontag&#8217;s seminal text &#8220;Regarding the Pain of Others&#8221; as a framework to examine how media mediates our perception of others&#8217; suffering. This exploration aimed to create a counterpoint to our image-saturated culture by prioritizing sonic experience over visual consumption.<br \/><br \/>Building on this foundation, our upcoming term will delve into both historical and contemporary radio cultures, exploring the tensions and connections between analog and digital forms, between the past and present of radio. In an era dominated by visual media, we deliberately shift our focus\u2014closing our eyes while perking up our ears. This reorientation invites us to engage with the complex dimensions of sonic experience: we shift our attention to speaking and listening, to stuttering and sensing, to recordings and erasures, to sonic evidences, to silences, interruptions and continuities, and we will examine the physical and metaphorical aspects of transmissions\u2014waves, signals, patterns, and disruptions. This exploration connects to radio&#8217;s rich cultural history while acknowledging its continued relevance in our digital landscape.<\/p>\r\n\r\n\r\n\r\n<p>Radio cultures have historically served as vital channels for artistic experimentation, political resistance, and (feminist) community building. From the early avant-garde radio plays of the 1920s to pirate radio stations challenging state control, from community radio initiatives amplifying marginalized voices to contemporary podcasting revolutionizing media distribution, radio has consistently evolved while maintaining its intimate connection to the human voice and ear. By engaging with radio as both medium and metaphor, we will question how sonic transmissions shape our understanding of distance and proximity, presence and absence, isolation and connection\u2014themes that resonate deeply in this increasingly virtual world.<\/p>\r\n\r\n\r\n\r\n<p>In the winter semester 2025, we are collaborating with the local station Radio ORANGE 94.0, Vienna&#8217;s largest independent radio station in german speaking countries. An introduction will cover the origins and political significance of Radio ORANGE: from the activism and spirit of Vienna&#8217;s pirate radio scene, which led to the fall of the public broadcasting monopoly following a 1993 European Court of Justice ruling, to the founding of the &#8220;Association for the Promotion and Support of Free Local Non-Commercial Radio Projects&#8221; and the legal realization of a Free Radio for the city of Vienna as a counterbalance to public and private commercial media. Together, we will organize a workshop focusing on content-related and technical aspects of radio production, with the goal of providing students with the knowledge and skills needed to develop their own radio contributions. Within the framework of this cooperation, a live radio station is set up for the Academy Tour 2026, which will broadcast student contributions live from the Semperdepot on ORANGE 94.0.<\/p>\r\n\r\n\r\n\r\n<div class=\"mdc-typography--body2 summary emphasize smui-card__content\"><a href=\"https:\/\/o94.at\/programm\/sendung\/id\/2551238\">Listen to the Live Radio Broadcast from Akademie Rundgang 2026<\/a><\/div>\r\n<div>in cooperation with\u00a0<\/div>\r\n<div>\u00a0<\/div>\r\n<div><img loading=\"lazy\" decoding=\"async\" class=\"wp-image-1085\" src=\"https:\/\/kdm.akbild.ac.at\/wp-content\/uploads\/2026\/01\/radio-orange.jpeg\" sizes=\"auto, (max-width: 400px) 100vw, 400px\" srcset=\"https:\/\/kdm.akbild.ac.at\/wp-content\/uploads\/2026\/01\/radio-orange.jpeg 400w, https:\/\/kdm.akbild.ac.at\/wp-content\/uploads\/2026\/01\/radio-orange-300x175.jpeg 300w\" alt=\"\" width=\"400\" height=\"233\" \/><\/div>\r\n<div>\u00a0<\/div>\r\n\r\n\r\n\r\n\r\n\r\n<figure class=\"wp-block-image size-large\"><img loading=\"lazy\" decoding=\"async\" class=\"wp-image-1086\" src=\"https:\/\/kdm.akbild.ac.at\/wp-content\/uploads\/2026\/01\/image-1400-aa54e3fd650ad813825cbb429ba1020e-724x1024.jpeg\" sizes=\"auto, (max-width: 724px) 100vw, 724px\" srcset=\"https:\/\/kdm.akbild.ac.at\/wp-content\/uploads\/2026\/01\/image-1400-aa54e3fd650ad813825cbb429ba1020e-724x1024.jpeg 724w, https:\/\/kdm.akbild.ac.at\/wp-content\/uploads\/2026\/01\/image-1400-aa54e3fd650ad813825cbb429ba1020e-212x300.jpeg 212w, https:\/\/kdm.akbild.ac.at\/wp-content\/uploads\/2026\/01\/image-1400-aa54e3fd650ad813825cbb429ba1020e-768x1086.jpeg 768w, https:\/\/kdm.akbild.ac.at\/wp-content\/uploads\/2026\/01\/image-1400-aa54e3fd650ad813825cbb429ba1020e.jpeg 990w\" alt=\"\" width=\"724\" height=\"1024\" \/><\/figure>\r\n<p>On January 24, Art and Time | Media invites you to tune in and listen closely. For one evening, the teaching pavilion at Lehargasse becomes a temporary radio station \u2013 with voices in conversation, sound pieces and live performances. In collaboration with Radio Orange, the 90-minute radio show will be broadcasted live on 94.0 FM. Throughout the days of Rundgang, the space continues to resonate with what radio stands for \u2013 attention, transmission and collective listening. Visitors are therefor also invited to experience works by the students in dedicated listening settings. In the booklet there will be short texts from the artists about their contributions.<\/p>\r\n<p>Featuring works by: Kristina Cyan, Liam Noack, Zoe Glasenapp, Raphael R\u00f6\u00f6sli, Marie Lempelius, Laura Sole Hanser, Anatol Grandits, Lila-Zo\u00e9 Krau\u00df, Stefan Manuel Eggenweber, Jule W\u00fcrfel, Vildana Hermann, Liva Hage, Kasho Chualan, Karlotta Lou Bohacz, Nestor Hiebl, Thora Soboleva, Sopiko Sheitnishvili and Emma Bayer.<\/p>\r\n<p>But all systems at once sum up to noise<br \/>forces I\u2019d rather resist cooling into distance<br \/>variable slapdash of (mis)understandings<br \/>What MUST NOT remain<br \/>stable, like noise scribbles<br \/>a mouthful of gravel,<br \/>glue and sand under the playhead of<br \/>\u201cStability, Sweetie\u201d<br \/>I think what we call<br \/>like a toddler making crayon soup<br \/>a volatile production<\/p>\r\n<p>&nbsp;<\/p>\r\n<p>&nbsp;<\/p>\r\n<div>\u00a0<\/div>\r\n<div>\u00a0<\/div>\r\n<div>\u00a0<\/div>\r\n<div>\u00a0<\/div>\r\n\r\n\r\n\r\n<p>READING LIST<\/p>\r\n\r\n\r\n\r\n<ul class=\"wp-block-list\">\r\n<li>The Routledge Companion to Radio and Podcast Studies\u00a0&#8211;\u00a0Edited By\u00a0<a href=\"https:\/\/www.routledge.com\/search?author=Mia%2520Lindgren\">Mia Lindgren<\/a>,\u00a0<a href=\"https:\/\/www.routledge.com\/search?author=Jason%2520Loviglio\">Jason Loviglio<\/a><\/li>\r\n\r\n\r\n\r\n<li>Radio&#8217;s New Wave.\u00a0Global Sound in the Digital Era\u00a0&#8211;\u00a0Edited By\u00a0<a href=\"https:\/\/www.routledge.com\/search?author=Jason%2520Loviglio\">Jason Loviglio<\/a>,\u00a0<a href=\"https:\/\/www.routledge.com\/search?author=Michele%2520Hilmes\">Michele Hilmes<\/a><\/li>\r\n\r\n\r\n\r\n<li>Women and Radio\u00a0Airing Differences\u00a0&#8211;\u00a0Edited By\u00a0<a href=\"https:\/\/www.routledge.com\/search?author=Caroline%2520Mitchell\">Caroline Mitchell<\/a><\/li>\r\n\r\n\r\n\r\n<li>Free Radio. The\u00a0Electronic Civil Disobedience &#8211;\u00a0By\u00a0<a href=\"https:\/\/www.routledge.com\/search?author=Lawrence%2520Soley\">Lawrence Soley<\/a><\/li>\r\n\r\n\r\n\r\n<li>Radio Activism: Breaking the Silence and Empowering Women\u00a0&#8211; Edited By Annette Rimmer<\/li>\r\n<\/ul>\r\n\r\n\r\n\r\n\r\n\r\n\r\n\r\n\r\n\r\n<p>ESSAYS<\/p>\r\n\r\n\r\n\r\n<ul class=\"wp-block-list\">\r\n<li><strong>[Javnost &#8211; The Public 1998-jan vol. 5 iss. 2] Mitchell, Caroline<\/strong> &#8211; Women\u2019s (Community) Radio as a Feminist Public Sphere (1998)<\/li>\r\n\r\n\r\n\r\n<li><strong>[Journal of Radio Studies 2000-nov vol. 7 iss. 2] Mitchell, Caroline A.<\/strong> &#8211; _Short-Term Bursts of Inspiration__ The Development of British Women&#8217;s Alternative Radio (2000)<\/li>\r\n\r\n\r\n\r\n<li><strong>Bertolt Brecht<\/strong>, Radio as a Means of Communication \u00a0<\/li>\r\n\r\n\r\n\r\n<li><strong>Bertolt Brecht<\/strong>, Der Rundfunk als Kommunikationsapparat<em>.<\/em> Rede \u00fcber die Funktion des Rundfunks.<\/li>\r\n\r\n\r\n\r\n<li><strong>Annabelle Lacroix<\/strong>, Listening with Insomnia<\/li>\r\n\r\n\r\n\r\n<li><strong>Kate Lacey<\/strong>, Listening in the Digital Age, in: Radio\u2019s New Wave. Global Sound in the Digital Era<\/li>\r\n\r\n\r\n\r\n<li><strong>The Origins of Free Radio (Chapter 2) + Pirate Radio<\/strong>: The Early Rebellion (Chapter 5), both in: Free Radio. The Electronic Civic Disobedience<\/li>\r\n\r\n\r\n\r\n<li><strong>Christine Ehrick<\/strong>, Ethereal Gender: Thoughts on the History of Radio and Women\u2019s voices, in: The Routledge Companion to Radio and Podcast Studies<\/li>\r\n\r\n\r\n\r\n<li><strong>Josh Shepperd<\/strong>, Understanding radio archives: coalitional historiography and sound memory work, in: The Routledge Companion to Radio and Podcast Studies<\/li>\r\n\r\n\r\n\r\n<li><strong>Richard Berry<\/strong>, What is a podcast? Mapping the technical, cultural, and sonic boundaries between<br \/>radio and podcasting, in: The Routledge Companion to Radio and Podcast Studies<\/li>\r\n\r\n\r\n\r\n<li><strong>Dario Llinares<\/strong>, \u2018Podcast studies\u2019 and its techno- social discourses, in: The Routledge Companion to Radio and Podcast Studies<\/li>\r\n\r\n\r\n\r\n<li><strong>Bell Hooks<\/strong>, Marginality as Site of Resistance<\/li>\r\n\r\n\r\n\r\n<li><strong>Angela Davis<\/strong>, Blame it on the Blues. Bessie Smith, Gertrude \u201cMa\u201d Rainey and the Politics of Blues Protest<\/li>\r\n<\/ul>\r\n\r\n\r\n\r\n\r\n\r\n\r\n\r\n\r\n\r\n<p>FILMS + INSTALLATIONS<\/p>\r\n\r\n\r\n\r\n<ul class=\"wp-block-list\">\r\n<li><strong>Born in Flames<\/strong> \u2013 Lizzie Borden 1983, 80 min.\u00a0<\/li>\r\n\r\n\r\n\r\n<li><strong>Live From Palestine<\/strong> \u2013 Rashid Masharawi 2001, 57 min.<\/li>\r\n\r\n\r\n\r\n<li><strong>Working Slowly (Lavorare con lentezza<\/strong>) \u2013 Gudio Chiesa, 2004<\/li>\r\n\r\n\r\n\r\n<li><strong>Orient(N)ations<\/strong> \u2013 Fareed Armaly, 2004\u00a0<\/li>\r\n\r\n\r\n\r\n<li><strong>Orph\u00e9e 1990<\/strong> \u2013 Fareed Armaly (1990 \u2013 2025)<\/li>\r\n\r\n\r\n\r\n<li><strong>No False Echoes<\/strong> \u2013 Wendelien van Oldenborgh 2008, 30 min.<\/li>\r\n\r\n\r\n\r\n<li><strong>La maison de la radio<\/strong> \u2013 Nicolas Philibert, 2013, 103 min.\u00a0<\/li>\r\n\r\n\r\n\r\n<li><strong>Delia Derbyshire<\/strong> \u2013 The Myths and the Legendary Tapes, Caroline Catz 2021, 90 min.\u00a0<\/li>\r\n\r\n\r\n\r\n<li><strong>Sculptress of Sound<\/strong> &#8211; The Lost Works of Delia Derbyshire, BBC Channel 4 Documentary, 2018, 15<\/li>\r\n\r\n\r\n\r\n<li><strong>Haven<\/strong> \u2013 James Newitt 2023, 35 min.\u00a0 min.<\/li>\r\n<\/ul>\r\n\r\n\r\n\r\n\r\n\r\n\r\n\r\n\r\n\r\n<p>AUDIO<\/p>\r\n\r\n\r\n\r\n<ul class=\"wp-block-list\">\r\n<li><strong>Radio Alice<\/strong> &#8211; <a href=\"https:\/\/de.wikipedia.org\/wiki\/Radio_Alice\">https:\/\/de.wikipedia.org\/wiki\/Radio_Alice<\/a><\/li>\r\n\r\n\r\n\r\n<li><strong>Intrusion project<\/strong> &#8211; <a href=\"https:\/\/intrusionproject.com\">https:\/\/intrusionproject.com<\/a><\/li>\r\n\r\n\r\n\r\n<li><strong>Radio Revolten<\/strong> &#8211; <a href=\"https:\/\/radiorevolten.net\/ueber-die-legende-unter-den-freien-radios-radio-alice\/\">https:\/\/radiorevolten.net\/ueber-die-legende-unter-den-freien-radios-radio-alice\/<\/a><\/li>\r\n\r\n\r\n\r\n<li><strong>e-flux<\/strong> &#8211; <a href=\"https:\/\/www.e-flux.com\/legacy\/2013\/05\/6.-Collective-ATraverso-Radio-Alice%E2%80%93Free-Radio-p.130-134-Lotringer_Sylvere_Marazzi_Christian_eds_Autonomia_Post-Political_Politics_no_OCR-4.pdf?b8c429\">https:\/\/www.e-flux.com\/legacy\/2013\/05\/6.-Collective-ATraverso-Radio-Alice%E2%80%93Free-Radio-p.130-134-Lotringer_Sylvere_Marazzi_Christian_eds_Autonomia_Post-Political_Politics_no_OCR-4.pdf?b8c429<\/a><\/li>\r\n\r\n\r\n\r\n<li><strong>Radio Insomnia<\/strong> \u2013 Annabella Lacroix <a href=\"https:\/\/insomnia.radio.fm\/\">https:\/\/insomnia.radio.fm\/<\/a><\/li>\r\n\r\n\r\n\r\n<li><strong>Terre Thaemlitz<\/strong> \/ Album Lovebomb<\/li>\r\n\r\n\r\n\r\n<li><strong>(using historical radio material of Radio Freedom from South Africa)<\/strong> in particular this track: <a href=\"https:\/\/comatonse.bandcamp.com\/track\/between-empathy-and-sympathy-is-time-apartheid\">https:\/\/comatonse.bandcamp.com\/track\/between-empathy-and-sympathy-is-time-apartheid<\/a><\/li>\r\n\r\n\r\n\r\n<li><strong>The Whole Truth<\/strong> \u2013 Lawrence Abu Hamdan 2012 <a href=\"https:\/\/soundcloud.com\/lawrence-2-1\/the-whole-truth-2012-lawrence-abu-hamdan\">https:\/\/soundcloud.com\/lawrence-2-1\/the-whole-truth-2012-lawrence-abu-hamdan<\/a><\/li>\r\n\r\n\r\n\r\n<li><strong>The Freedom of Speech Itself<\/strong> \u2013 Lawrence Abu Hamdan 2012<\/li>\r\n\r\n\r\n\r\n<li><strong>Radio Orange<\/strong> &#8211; <a href=\"https:\/\/o94.at\">https:\/\/o94.at<\/a><\/li>\r\n\r\n\r\n\r\n<li><strong>Radio Ballett<\/strong> \u2013 LIGNA<a href=\"https:\/\/www.ligna.org\">https:\/\/www.ligna.org<\/a><\/li>\r\n<\/ul>\r\n\r\n\r\n\r\n<p>&nbsp;<\/p>\r\n\r\n\r\n\r\n<p>&nbsp;<\/p>\r\n","protected":false},"excerpt":{"rendered":"<p>Airing Differences | Radio Orange Live Broadcast The project REGARDING PAIN |\u00a0Radio RTPO emerged from students of our studio as a contribution to the Academy of Fine Arts&#8217; annual Rundgang in January 2025. Students transformed the teaching pavilion on Semperdepot&#8217;s first floor into a temporary radio station, producing and broadcasting a six-hour live show throughout [&hellip;]<\/p>\n","protected":false},"author":1,"featured_media":0,"parent":0,"menu_order":0,"comment_status":"closed","ping_status":"closed","template":"","meta":{"footnotes":""},"class_list":["post-1000","page","type-page","status-publish","hentry"],"_links":{"self":[{"href":"https:\/\/kdm.akbild.ac.at\/index.php?rest_route=\/wp\/v2\/pages\/1000","targetHints":{"allow":["GET"]}}],"collection":[{"href":"https:\/\/kdm.akbild.ac.at\/index.php?rest_route=\/wp\/v2\/pages"}],"about":[{"href":"https:\/\/kdm.akbild.ac.at\/index.php?rest_route=\/wp\/v2\/types\/page"}],"author":[{"embeddable":true,"href":"https:\/\/kdm.akbild.ac.at\/index.php?rest_route=\/wp\/v2\/users\/1"}],"replies":[{"embeddable":true,"href":"https:\/\/kdm.akbild.ac.at\/index.php?rest_route=%2Fwp%2Fv2%2Fcomments&post=1000"}],"version-history":[{"count":26,"href":"https:\/\/kdm.akbild.ac.at\/index.php?rest_route=\/wp\/v2\/pages\/1000\/revisions"}],"predecessor-version":[{"id":1190,"href":"https:\/\/kdm.akbild.ac.at\/index.php?rest_route=\/wp\/v2\/pages\/1000\/revisions\/1190"}],"wp:attachment":[{"href":"https:\/\/kdm.akbild.ac.at\/index.php?rest_route=%2Fwp%2Fv2%2Fmedia&parent=1000"}],"curies":[{"name":"wp","href":"https:\/\/api.w.org\/{rel}","templated":true}]}}